{"id":2,"date":"2025-01-03T19:09:14","date_gmt":"2025-01-03T18:09:14","guid":{"rendered":"https:\/\/bridgeparatodos.es\/?page_id=2"},"modified":"2025-01-06T00:33:23","modified_gmt":"2025-01-05T23:33:23","slug":"pagina-ejemplo","status":"publish","type":"page","link":"https:\/\/bridgeparatodos.es\/?page_id=2","title":{"rendered":"Profesores"},"content":{"rendered":"\n<p>Estos son los profesionales que participamos en esta idea. Busca por provincias y encontrar\u00e1s uno que te ayude cerca de ti.<\/p>\n\n\n\n<div class=\"wp-block-group is-nowrap is-layout-flex wp-container-core-group-is-layout-6c531013 wp-block-group-is-layout-flex\">\n<p><\/p>\n\n\n\n<div class=\"wp-block-columns is-layout-flex wp-container-core-columns-is-layout-28f84493 wp-block-columns-is-layout-flex\">\n<div class=\"wp-block-column is-layout-flow wp-block-column-is-layout-flow\"><\/div>\n\n\n\n<div class=\"wp-block-column is-layout-flow wp-block-column-is-layout-flow\"><\/div>\n<\/div>\n<\/div>\n\n\n\n<figure class=\"wp-block-image size-large is-resized\"><img loading=\"lazy\" decoding=\"async\" width=\"548\" height=\"1024\" src=\"https:\/\/bridgeparatodos.es\/wp-content\/uploads\/2025\/01\/Fito-548x1024.jpeg\" alt=\"\" class=\"wp-image-29\" style=\"width:167px;height:auto\" srcset=\"https:\/\/bridgeparatodos.es\/wp-content\/uploads\/2025\/01\/Fito-548x1024.jpeg 548w, https:\/\/bridgeparatodos.es\/wp-content\/uploads\/2025\/01\/Fito-161x300.jpeg 161w, https:\/\/bridgeparatodos.es\/wp-content\/uploads\/2025\/01\/Fito-768x1434.jpeg 768w, https:\/\/bridgeparatodos.es\/wp-content\/uploads\/2025\/01\/Fito-823x1536.jpeg 823w, https:\/\/bridgeparatodos.es\/wp-content\/uploads\/2025\/01\/Fito.jpeg 857w\" sizes=\"auto, (max-width: 548px) 100vw, 548px\" \/><figcaption class=\"wp-element-caption\">Club Vergara<br>Jos\u00e9 Miguel Mart\u00ednez (FITO)<br>Tlf. 666 55 77 11<br>Pr\u00edncipe de Vergara 82 &#8211; Local Dcha.<br>28006 &#8211; Madrid<br><a href=\"mailto:fitobridge1@gmail.com\">fitobridge1@gmail.com<\/a><\/figcaption><\/figure>\n","protected":false},"excerpt":{"rendered":"<p>Estos son los profesionales que participamos en esta idea. Busca por provincias y encontrar\u00e1s uno que te ayude cerca de ti.<\/p>\n","protected":false},"author":1,"featured_media":0,"parent":0,"menu_order":0,"comment_status":"closed","ping_status":"open","template":"","meta":{"_themeisle_gutenberg_block_has_review":false,"footnotes":""},"class_list":["post-2","page","type-page","status-publish","hentry"],"_links":{"self":[{"href":"https:\/\/bridgeparatodos.es\/index.php?rest_route=\/wp\/v2\/pages\/2","targetHints":{"allow":["GET"]}}],"collection":[{"href":"https:\/\/bridgeparatodos.es\/index.php?rest_route=\/wp\/v2\/pages"}],"about":[{"href":"https:\/\/bridgeparatodos.es\/index.php?rest_route=\/wp\/v2\/types\/page"}],"author":[{"embeddable":true,"href":"https:\/\/bridgeparatodos.es\/index.php?rest_route=\/wp\/v2\/users\/1"}],"replies":[{"embeddable":true,"href":"https:\/\/bridgeparatodos.es\/index.php?rest_route=%2Fwp%2Fv2%2Fcomments&post=2"}],"version-history":[{"count":3,"href":"https:\/\/bridgeparatodos.es\/index.php?rest_route=\/wp\/v2\/pages\/2\/revisions"}],"predecessor-version":[{"id":35,"href":"https:\/\/bridgeparatodos.es\/index.php?rest_route=\/wp\/v2\/pages\/2\/revisions\/35"}],"wp:attachment":[{"href":"https:\/\/bridgeparatodos.es\/index.php?rest_route=%2Fwp%2Fv2%2Fmedia&parent=2"}],"curies":[{"name":"wp","href":"https:\/\/api.w.org\/{rel}","templated":true}]}}