{"id":3,"date":"2025-01-03T19:09:14","date_gmt":"2025-01-03T18:09:14","guid":{"rendered":"https:\/\/bridgeparatodos.es\/?page_id=3"},"modified":"2025-01-15T19:25:40","modified_gmt":"2025-01-15T18:25:40","slug":"politica-privacidad","status":"publish","type":"page","link":"https:\/\/bridgeparatodos.es\/?page_id=3","title":{"rendered":"\u00bfQui\u00e9nes somos?"},"content":{"rendered":"\n<p>www.bridgeparatodos.es es un grupo organizado por profesionales del bridge que se nos hemos unido para  promocionar nuestro deporte por canales distintos a los empleados usualmente por Asociaciones Regionales y Nacionales.<\/p>\n\n\n\n<p>Nuestro objetivo principal es acercar nuestro juego\/deporte a todas aquellas personas que no lo conocen, y que piensan que el bridge es un juego de cartas al uso. Nada m\u00e1s lejos de la realidad, el Bridge no se parece en nada a ninguno de todos esos juegos de cartas que ha conocido hasta ahora. <\/p>\n\n\n\n<p>No es raro encontrar a un jugador de Bridge compar\u00e1ndolo con juegos como Ajedrez, Golf o Go, Y Ud. dir\u00e1 en qu\u00e9 se puede parecer un juego de cartas a un deporte como el Golf. Lo que hace que todos ellos sean parecidos es que todos tienen una gran carga t\u00e1ctica. El resto de las cualidades necesarias para cada uno de ellos, son evidentemente distintas.<\/p>\n\n\n\n<p><strong>Nos encontrar\u00e1s en la web: https:\/\/bridgeparatodos.es.<\/strong><\/p>\n\n\n\n<p><\/p>\n","protected":false},"excerpt":{"rendered":"<p>www.bridgeparatodos.es es un grupo organizado por profesionales del bridge que se nos hemos unido para promocionar nuestro deporte por canales distintos a los empleados usualmente por Asociaciones Regionales y Nacionales. Nuestro objetivo principal es acercar nuestro juego\/deporte a todas aquellas personas que no lo conocen, y que piensan que el [&hellip;]<\/p>\n","protected":false},"author":1,"featured_media":0,"parent":0,"menu_order":0,"comment_status":"closed","ping_status":"open","template":"","meta":{"_themeisle_gutenberg_block_has_review":false,"footnotes":""},"class_list":["post-3","page","type-page","status-publish","hentry"],"_links":{"self":[{"href":"https:\/\/bridgeparatodos.es\/index.php?rest_route=\/wp\/v2\/pages\/3","targetHints":{"allow":["GET"]}}],"collection":[{"href":"https:\/\/bridgeparatodos.es\/index.php?rest_route=\/wp\/v2\/pages"}],"about":[{"href":"https:\/\/bridgeparatodos.es\/index.php?rest_route=\/wp\/v2\/types\/page"}],"author":[{"embeddable":true,"href":"https:\/\/bridgeparatodos.es\/index.php?rest_route=\/wp\/v2\/users\/1"}],"replies":[{"embeddable":true,"href":"https:\/\/bridgeparatodos.es\/index.php?rest_route=%2Fwp%2Fv2%2Fcomments&post=3"}],"version-history":[{"count":4,"href":"https:\/\/bridgeparatodos.es\/index.php?rest_route=\/wp\/v2\/pages\/3\/revisions"}],"predecessor-version":[{"id":150,"href":"https:\/\/bridgeparatodos.es\/index.php?rest_route=\/wp\/v2\/pages\/3\/revisions\/150"}],"wp:attachment":[{"href":"https:\/\/bridgeparatodos.es\/index.php?rest_route=%2Fwp%2Fv2%2Fmedia&parent=3"}],"curies":[{"name":"wp","href":"https:\/\/api.w.org\/{rel}","templated":true}]}}