{"id":64,"date":"2025-01-12T18:45:33","date_gmt":"2025-01-12T17:45:33","guid":{"rendered":"https:\/\/bridgeparatodos.es\/?page_id=64"},"modified":"2025-01-15T19:19:34","modified_gmt":"2025-01-15T18:19:34","slug":"inicio","status":"publish","type":"page","link":"https:\/\/bridgeparatodos.es\/","title":{"rendered":"Inicio"},"content":{"rendered":"\n<p><\/p>\n\n\n\n<p class=\"has-text-color\" style=\"color:#999999;font-size:14px\"><\/p>\n\n\n\n<div class=\"wp-block-cover alignfull is-light hestia-clear-top-padding\"><span aria-hidden=\"true\" class=\"wp-block-cover__background has-white-background-color has-background-dim-100 has-background-dim\"><\/span><div class=\"wp-block-cover__inner-container is-layout-flow wp-block-cover-is-layout-flow\">\n<h2 class=\"wp-block-heading has-text-align-center has-text-color\" style=\"color:#3c4858\">Si buscas mejorar &#8230;<\/h2>\n\n\n\n<div style=\"height:40px\" aria-hidden=\"true\" class=\"wp-block-spacer\"><\/div>\n\n\n\n<div class=\"wp-block-columns container is-layout-flex wp-container-core-columns-is-layout-28f84493 wp-block-columns-is-layout-flex\">\n<div class=\"wp-block-column is-layout-flow wp-block-column-is-layout-flow\"><div class=\"wp-block-image\">\n<figure class=\"aligncenter size-large\"><img decoding=\"async\" src=\"https:\/\/bridgeparatodos.es\/wp-content\/themes\/hestia\/assets\/img\/feat1.png\" alt=\"\" class=\"wp-image-70\"\/><\/figure>\n<\/div>\n\n\n<h5 class=\"wp-block-heading has-text-align-center has-text-color\" style=\"color:#3c4858;font-size:18px\"><a href=\"https:\/\/bridgeparatodos.es\/?page_id=33\" data-type=\"page\" data-id=\"33\">Cursos<\/a><\/h5>\n\n\n\n<p class=\"has-text-align-center has-text-color\" style=\"color:#999999;font-size:14px\">Lorem ipsum dolor sit amet, consectetur adipiscing elit, sed do eiusmod tempor incididunt ut labore et dolore magna aliqua.<\/p>\n\n\n\n<div style=\"height:25px\" aria-hidden=\"true\" class=\"wp-block-spacer\"><\/div>\n<\/div>\n\n\n\n<div class=\"wp-block-column is-layout-flow wp-block-column-is-layout-flow\"><div class=\"wp-block-image\">\n<figure class=\"aligncenter size-large\"><img decoding=\"async\" src=\"https:\/\/bridgeparatodos.es\/wp-content\/themes\/hestia\/assets\/img\/feat3.png\" alt=\"\" class=\"wp-image-72\"\/><\/figure>\n<\/div>\n\n\n<h5 class=\"wp-block-heading has-text-align-center has-text-color\" style=\"color:#3c4858;font-size:18px\"><a href=\"https:\/\/bridgeparatodos.es\/?page_id=2\" data-type=\"page\" data-id=\"2\">Profesores<\/a><\/h5>\n\n\n\n<p class=\"has-text-align-center has-text-color\" style=\"color:#999999;font-size:14px\">Lorem ipsum dolor sit amet, consectetur adipiscing elit, sed do eiusmod tempor incididunt ut labore et dolore magna aliqua.<\/p>\n\n\n\n<div style=\"height:25px\" aria-hidden=\"true\" class=\"wp-block-spacer\"><\/div>\n<\/div>\n<\/div>\n<\/div><\/div>\n\n\n\n<div class=\"wp-block-columns container is-layout-flex wp-container-core-columns-is-layout-28f84493 wp-block-columns-is-layout-flex\">\n<div class=\"wp-block-column col-md-5 is-layout-flow wp-block-column-is-layout-flow\">\n<h1 class=\"wp-block-heading\">\u00a1 Hola amigos del Bridge !<\/h1>\n<\/div>\n<\/div>\n\n\n\n<p>\u00a1Bienvenidos a Bridge Para Todos! Esta web ha sido creada para que tanto quienes conocen un poco el juego del bridge, como aquellos que no lo conocen en absoluto, descubran que el bridge es algo mucho m\u00e1s fascinante de lo que imaginan.<\/p>\n\n\n\n<p>El bridge es un juego inteligente, t\u00e1ctico como el ajedrez y t\u00e9cnico como el golf, pero tambi\u00e9n es un juego social que nos permite conocer nuevos amigos, no solo en lugares cercanos como nuestras ciudades de origen, sino que tambi\u00e9n nos brinda la oportunidad de viajar por todo el mundo. No ser\u00e1 dif\u00edcil encontrar un club en cualquier zona donde podamos hacer nuevos amigos.<\/p>\n\n\n\n<p>Es un juego saludable y lleno de valores deportivos. Un deporte mental, evidentemente, que ense\u00f1a los mismos valores a los j\u00f3venes que cualquier otra actividad deportiva.<\/p>\n\n\n\n<p>Una de las mejores caracter\u00edsticas del \u00abBridge Social\u00bb es que nos permite romper la brecha generacional entre personas. No es raro ver a un jugador de menos de 20 a\u00f1os jugando con otro que supera los 60, un padre con un hijo, un abuelo con un nieto, etc. Adem\u00e1s, es a\u00fan mejor ver a personas de todas las razas, religiones, nacionalidades, g\u00e9neros o condiciones f\u00edsicas compartiendo una mesa, unas cartas y una serie de utensilios especializados para mejorar el juego.<\/p>\n\n\n\n<p>El bridge no solo sirve para disfrutar, tambi\u00e9n puede ayudarnos en nuestra vida laboral de muchas formas: nos ense\u00f1a a trabajar en equipo, a reaccionar ante situaciones dif\u00edciles, a aprovechar mejor los momentos de relax entre trabajos y proyectos, a sentirnos parte de un equipo, a plantearnos objetivos, a ser positivos para lograrlos y a controlar nuestras emociones negativas. Tambi\u00e9n nos ense\u00f1a a ponernos en la posici\u00f3n de nuestro compa\u00f1ero (empat\u00eda) y a convencer a nuestro compa\u00f1ero para hacer las cosas de una determinada manera.<\/p>\n\n\n\n<p>Por \u00faltimo, llegamos a una parte del juego muy importante para las personas de cierta edad. No hay mejor forma de explicarlo que con algunos ejemplos: hay jugadores de bridge que contin\u00faan jugando (y ganando torneos) con m\u00e1s de 90 a\u00f1os, algunos incluso con 100 o m\u00e1s a\u00f1os. Aunque ya no obtienen los mismos resultados que antes, el bridge les sirve para mantener activa y en forma su mente, minimizando una serie de enfermedades propias de su edad.<\/p>\n\n\n\n<p><a href=\"https:\/\/bridgeparatodos.es\/?page_id=45\"><\/a><\/p>\n","protected":false},"excerpt":{"rendered":"<p>\u00a1 Hola amigos del Bridge ! \u00a1Bienvenidos a Bridge Para Todos! Esta web ha sido creada para que tanto quienes conocen un poco el juego del bridge, como aquellos que no lo conocen en absoluto, descubran que el bridge es algo mucho m\u00e1s fascinante de lo que imaginan. El bridge [&hellip;]<\/p>\n","protected":false},"author":1,"featured_media":95,"parent":0,"menu_order":0,"comment_status":"closed","ping_status":"closed","template":"","meta":{"_themeisle_gutenberg_block_has_review":false,"footnotes":""},"class_list":["post-64","page","type-page","status-publish","has-post-thumbnail","hentry"],"_links":{"self":[{"href":"https:\/\/bridgeparatodos.es\/index.php?rest_route=\/wp\/v2\/pages\/64","targetHints":{"allow":["GET"]}}],"collection":[{"href":"https:\/\/bridgeparatodos.es\/index.php?rest_route=\/wp\/v2\/pages"}],"about":[{"href":"https:\/\/bridgeparatodos.es\/index.php?rest_route=\/wp\/v2\/types\/page"}],"author":[{"embeddable":true,"href":"https:\/\/bridgeparatodos.es\/index.php?rest_route=\/wp\/v2\/users\/1"}],"replies":[{"embeddable":true,"href":"https:\/\/bridgeparatodos.es\/index.php?rest_route=%2Fwp%2Fv2%2Fcomments&post=64"}],"version-history":[{"count":9,"href":"https:\/\/bridgeparatodos.es\/index.php?rest_route=\/wp\/v2\/pages\/64\/revisions"}],"predecessor-version":[{"id":146,"href":"https:\/\/bridgeparatodos.es\/index.php?rest_route=\/wp\/v2\/pages\/64\/revisions\/146"}],"wp:featuredmedia":[{"embeddable":true,"href":"https:\/\/bridgeparatodos.es\/index.php?rest_route=\/wp\/v2\/media\/95"}],"wp:attachment":[{"href":"https:\/\/bridgeparatodos.es\/index.php?rest_route=%2Fwp%2Fv2%2Fmedia&parent=64"}],"curies":[{"name":"wp","href":"https:\/\/api.w.org\/{rel}","templated":true}]}}