{"id":67,"date":"2025-01-12T18:51:41","date_gmt":"2025-01-12T17:51:41","guid":{"rendered":"https:\/\/bridgeparatodos.es\/?page_id=67"},"modified":"2025-01-12T18:51:41","modified_gmt":"2025-01-12T17:51:41","slug":"politica-de-privacidad","status":"publish","type":"page","link":"https:\/\/bridgeparatodos.es\/?page_id=67","title":{"rendered":"Pol\u00edtica de privacidad"},"content":{"rendered":"\r\n<h2 class=\"wp-block-heading\">Pol\u00edtica de privacidad y protecci\u00f3n de datos<\/h2>\r\n \r\n\r\nEn cumplimiento Reglamento (UE) 2016\/679 (Reglamento General de Protecci\u00f3n de datos) y su normativa de desarrollo le ofrecemos la siguiente informaci\u00f3n de su inter\u00e9s en relaci\u00f3n al tratamiento de sus datos personales:\r\n\r\n \r\n\r\n<strong>Responsable del tratamiento:<\/strong>\r\n\r\n \r\n\r\nSus datos ser\u00e1n tratados por BRIDGEMATE ESPA\u00d1A S.L.,\u00a0 CIF B87617163 y domicilio en Calle Pr\u00edncipe de Vergara 82 \u2013 28006 Madrid (Espa\u00f1a), email:\u00a0<a href=\"mailto:info@bridgevergara.es\" target=\"_blank\" rel=\"noreferrer noopener\">info@bridgebase.es<\/a>.\r\n\r\n \r\n\r\n<strong>Finalidad del tratamiento y legitimaci\u00f3n:\u00a0<\/strong>Bridgemate Espa\u00f1a S.L. solo utilizar\u00e1 sus datos para finalidades leg\u00edtimas:\r\n\r\n \r\n\r\n-Gesti\u00f3n y tratamiento de su actividad competitiva al participar en los torneos organizados por bridge para todos.\r\n\r\n \r\n\r\n&#8211; Env\u00edo de sus datos deportivos a la Asociaci\u00f3n Espa\u00f1ola de Bridge (AEB) para su publicaci\u00f3n en la su p\u00e1gina web oficial de la propia AEB.\r\n\r\n \r\n\r\n-Publicaci\u00f3n de sus datos deportivos en nuestra propia web, Facebook, Instagram o X.\r\n\r\n \r\n\r\n-Publicaci\u00f3n de fotograf\u00edas de eventos organizados por BRIDGEMATE ESPA\u00d1A S.L. u otros organizadores de eventos de bridge, en nuestra web o la de la AEB, Facebook o cualquier otro m\u00e9todo de difusi\u00f3n de nuestra actividad como puedan ser revistas, folletos u otras redes sociales.\r\n\r\n \r\n\r\n-Gesti\u00f3n de nuestra relaci\u00f3n societaria y\/o contractual: sus datos ser\u00e1n tratados para poder mantener y cumplir las obligaciones derivadas de nuestra relaci\u00f3n societaria y\/o contractual.\r\n\r\n \r\n\r\n-Cumplimiento de obligaciones legales (Agencia Tributaria, acciones judiciales, etc.)\r\n\r\n \r\n\r\n-Para cualquier otra finalidad que previa y expresamente haya sido autorizada por usted como:\r\n\r\n \r\n\r\n\u00b7\u00a0\u00a0\u00a0\u00a0\u00a0\u00a0\u00a0\u00a0Env\u00edo de informaci\u00f3n sobre la actividad social\r\n\r\n \r\n\r\n\u00b7\u00a0\u00a0\u00a0\u00a0\u00a0\u00a0\u00a0\u00a0Env\u00edo de informaci\u00f3n sobre las distintas actividades organizadas por bridge para todos.\r\n\r\n \r\n\r\n\u00b7\u00a0\u00a0\u00a0\u00a0\u00a0\u00a0\u00a0\u00a0Env\u00edo de informaci\u00f3n sobre torneos o\/y otras actividades de bridge.\r\n\r\n \r\n\r\n-Env\u00edo de noticias y novedades que pudieran ser de su inter\u00e9s relacionadas con las actividades desarrolladas por bridge para todos u otros organizadores de eventos relacionados con el bridge.\r\n\r\n \r\n\r\n-Para participar en los procesos de selecci\u00f3n de personal que lleve a cabo esta entidad si usted nos ha enviado su curr\u00edculo o se ha inscrito en los procesos de selecci\u00f3n.\r\n\r\n \r\n\r\n<strong>A quien facilitaremos sus datos:<\/strong>\r\n\r\n \r\n\r\nSus datos podr\u00e1n ser cedidos o comunicados a aquellas entidades o administraciones que sea estrictamente necesarias para poder prestarle los servicios societarios o contratados, a aquellas entidades o administraciones a las que tengamos la obligaci\u00f3n de hacerlo en cumplimiento de alguna Ley, as\u00ed como a aquellas entidades o administraciones a las que usted nos haya autorizado expresamente.\r\n\r\n \r\n\r\n<strong>Plazo de conservaci\u00f3n de sus datos:<\/strong>\r\n\r\n \r\n\r\nSus datos ser\u00e1n conservados mientras dure nuestra relaci\u00f3n societaria, el tiempo necesario para cumplir con las correspondientes obligaciones legales, y el plazo de prescripci\u00f3n de las acciones judiciales pertinentes. En todo caso procederemos a borrar sus datos cuando nos solicite su supresi\u00f3n en los t\u00e9rminos previstos por la Ley.\r\n\r\n \r\n\r\n<strong>Sus derechos:\u00a0<\/strong>Podr\u00e1 ejercitar cualquiera de los siguientes derechos envi\u00e1ndonos una solicitud por escrito junto a una fotocopia de su DNI\/pasaporte a la siguiente direcci\u00f3n: BRIDGEMATE ESPA\u00d1A S.L.,\u00a0 CIF B87617163 y domicilio en Calle Pr\u00edncipe de Vergara 82 \u2013 28006 Madrid (Espa\u00f1a), email:\u00a0<a href=\"mailto:LPD@bridgevergara.es\" target=\"_blank\" rel=\"noreferrer noopener\">info@bridgebase.es<\/a>.\r\n\r\n \r\n\r\n<strong>-Informaci\u00f3n:\u00a0<\/strong>Podr\u00e1 pedirnos que le informemos si tratamos sus datos personales.\r\n\r\n \r\n\r\n<strong>-Acceso:\u00a0<\/strong>Podr\u00e1 pedirnos que le informemos sobre cu\u00e1les son los datos personales que hemos incluido en nuestros ficheros y las finalidades para las que han sido recabados.\r\n\r\n \r\n\r\n<strong>-Rectificaci\u00f3n:\u00a0<\/strong>Podr\u00e1 solicitarnos que modifiquemos sus datos personales cuando sean inexactos, as\u00ed como completar aquellos que sean incompletos.\r\n\r\n \r\n\r\n<strong>-Supresi\u00f3n:\u00a0<\/strong>Podr\u00e1 solicitarnos la eliminaci\u00f3n de sus datos personales cuando, entre otros motivos, retire su consentimiento y los datos ya no sean necesarios para los fines que fueron recabados.\r\n\r\n \r\n\r\n<strong>-Oposici\u00f3n:\u00a0<\/strong>Podr\u00e1 solicitar que no se traten sus datos personales.\r\n\r\n \r\n\r\n<strong>-Limitaci\u00f3n:\u00a0<\/strong>Podr\u00e1 solicitar la limitaci\u00f3n del tratamiento de sus datos cuando se cumpla alguna de las condiciones siguientes:\r\n\r\n \r\n\r\na) el interesado impugne la exactitud de los datos personales y mientras se comprueba la exactitud de los mismos.\r\n\r\n \r\n\r\nb) el tratamiento sea il\u00edcito y el interesado se oponga a la supresi\u00f3n de los datos personales y solicite en su lugar la limitaci\u00f3n de su uso;\r\n\r\n \r\n\r\nc) el responsable ya no necesite los datos personales para los fines del tratamiento, pero el interesado los necesite para la formulaci\u00f3n, el ejercicio o la defensa de reclamaciones;\r\n\r\n \r\n\r\nd) el interesado se haya opuesto al tratamiento mientras se verifica si los motivos leg\u00edtimos del responsable prevalecen sobre los del interesado.\r\n\r\n \r\n\r\n<strong>Portabilidad:\u00a0<\/strong>Tendr\u00e1 derecho a recibir los datos que nos ha facilitado en un formato estructurado, de uso com\u00fan y lectura mec\u00e1nica, siempre y cuando los mismos est\u00e9n automatizados, as\u00ed como a que los trasmitamos a otro responsable.\r\n\r\n \r\n\r\n<strong>Menores e incapaces:\u00a0<\/strong>En el caso de personas menores de 16 a\u00f1os o incapaces, deber\u00e1 otorgar el consentimiento para el tratamiento de los datos personales el padre, madre o tutor del menor o incapaz.\r\n\r\n \r\n\r\n<strong>Medidas de seguridad:\u00a0<\/strong>De conformidad con la legislaci\u00f3n vigente, BRIDGEMATE ESPA\u00d1A S.L. se obliga a implementar las medidas t\u00e9cnicas y organizativas que resulten necesarias \u00a0para garantizar la seguridad de sus datos y evitar su alteraci\u00f3n, perdida o tratamiento no autorizado.\r\n\r\n \r\n\r\n<strong>Pol\u00edtica de cookies:\u00a0<\/strong>BRIDGEMATE ESPA\u00d1A S.L. utiliza cookies que se quedar\u00e1n almacenadas en el ordenador. Las cookies son peque\u00f1os archivos que nuestro ordenador env\u00eda al suyo, pero que no nos proporcionan informaci\u00f3n ni sobre su nombre, ni sobre cualquier dato de car\u00e1cter personal suyo. Las cookies que utilizamos no pueden leer datos de su ordenador ni leer las cookies que existan en su ordenador. Cuando el usuario se encuentre navegando por nuestra p\u00e1gina web el servidor donde se encuentra alojada reconoce autom\u00e1ticamente la direcci\u00f3n IP de su ordenador, el d\u00eda y la hora en la que comienza la visita, en la que abandona la visita, as\u00ed como informaci\u00f3n sobre las distintas secciones consultadas.\r\n\r\n \r\n\r\nEs necesario que el servidor conozca estos datos para poder comunicarse y enviarle la petici\u00f3n realizada y que a trav\u00e9s del navegador se pueda ver en la pantalla, por lo que es necesario tener activadas las cookies de su navegador para poder hacer uso de determinados servicios de la web.\r\n\r\n \r\n\r\nSi usted lo desea puede configurar su navegador de manera que le avise en la pantalla si va a recibir una cookie. El usuario puede configurar su ordenador de manera que no reciba estas cookies, pero este hecho impedir\u00e1 que se pueda hacer uso de determinados servicios de la web.\r\n\r\n","protected":false},"excerpt":{"rendered":"<p>Pol\u00edtica de privacidad y protecci\u00f3n de datos En cumplimiento Reglamento (UE) 2016\/679 (Reglamento General de Protecci\u00f3n de datos) y su normativa de desarrollo le ofrecemos la siguiente informaci\u00f3n de su inter\u00e9s en relaci\u00f3n al tratamiento de sus datos personales: Responsable del tratamiento: Sus datos ser\u00e1n tratados por BRIDGEMATE ESPA\u00d1A S.L.,\u00a0 [&hellip;]<\/p>\n","protected":false},"author":1,"featured_media":0,"parent":0,"menu_order":0,"comment_status":"closed","ping_status":"closed","template":"","meta":{"_themeisle_gutenberg_block_has_review":false,"footnotes":""},"class_list":["post-67","page","type-page","status-publish","hentry"],"_links":{"self":[{"href":"https:\/\/bridgeparatodos.es\/index.php?rest_route=\/wp\/v2\/pages\/67","targetHints":{"allow":["GET"]}}],"collection":[{"href":"https:\/\/bridgeparatodos.es\/index.php?rest_route=\/wp\/v2\/pages"}],"about":[{"href":"https:\/\/bridgeparatodos.es\/index.php?rest_route=\/wp\/v2\/types\/page"}],"author":[{"embeddable":true,"href":"https:\/\/bridgeparatodos.es\/index.php?rest_route=\/wp\/v2\/users\/1"}],"replies":[{"embeddable":true,"href":"https:\/\/bridgeparatodos.es\/index.php?rest_route=%2Fwp%2Fv2%2Fcomments&post=67"}],"version-history":[{"count":2,"href":"https:\/\/bridgeparatodos.es\/index.php?rest_route=\/wp\/v2\/pages\/67\/revisions"}],"predecessor-version":[{"id":158,"href":"https:\/\/bridgeparatodos.es\/index.php?rest_route=\/wp\/v2\/pages\/67\/revisions\/158"}],"wp:attachment":[{"href":"https:\/\/bridgeparatodos.es\/index.php?rest_route=%2Fwp%2Fv2%2Fmedia&parent=67"}],"curies":[{"name":"wp","href":"https:\/\/api.w.org\/{rel}","templated":true}]}}